{"id":3577,"date":"2025-06-30T13:32:18","date_gmt":"2025-06-30T13:32:18","guid":{"rendered":"https:\/\/pzzzsk.rs\/delatnosti\/ucesce-u-projektima-eu\/"},"modified":"2025-07-22T10:08:10","modified_gmt":"2025-07-22T10:08:10","slug":"ucesce-u-projektima-eu","status":"publish","type":"page","link":"https:\/\/pzzzsk.rs\/sr-latn\/delatnosti\/ucesce-u-projektima-eu\/","title":{"rendered":"U\u010de\u0161\u0107e u projektima EU"},"content":{"rendered":"\n<p><strong>U\u010cE\u0160\u0106E POKRAJINSKOG ZAVODA ZA ZA\u0160TITU SPOMENIKA KULTURE PETROVARADIN <br\/>U PROJEKTIMA KOJE JE PODR\u017dALA EVROPSKA UNIJA<\/strong><\/p>\n\n<p>Veliki broj projekata i zna\u010dajnih poduhvata koje je Pokrajinski zavod za za\u0161titu spomenika kulture sproveo u zemlji i inostranstvu za preko sedamdeset godina uspe\u0161nog poslovanja u\u010dinio je da za ovom institucijom, kao saradnikom, postoji velika potra\u017enja me\u0111u srodnom inostranim ustanovama, naro\u010dito onima \u010dije je polje delovanja kultura. U ranijim dekadama me\u0111unarodna saradnja podrazumevala je organizovanje izlo\u017ebi i u\u010de\u0161\u0107e na seminarima i konferencijama. Razvoj savremenih metoda rada, pribli\u017eavanje \u010dlanstvu u Evropskoj uniji i bu\u0111enje svesti o pripadnosti zajedni\u010dkom evropskom kulturnom prostoru otvorili su vrata mogu\u0107nostima saradnje na raznolikim internacionalnim projektima, bogatoj izdava\u010dkoj delatnosti na engleskom i italijanskom jeziku, me\u0111unarodnoj saradnji me\u0111u ekspertima i kontinuiranoj edukaciji zaposlenih. Tako je Zavod, kao partner, uzeo u\u010de\u0161\u0107e u dva zna\u010dajna me\u0111unarodna projekta HEROMAT i IPA CBC Program, \u010diji su potpisnici Ma\u0111arska i Srbija, potpisav\u0161i i sporazume sa brojnim institucijama kulture i organizacijama iz Evropske unije i zemalja u regionu. Pokrajinski zavod za za\u0161titu spomenika kulture preuzeo je ulogu lidera u nekoliko me\u0111unaradnih projekata, kao reprezentativna institucija kulture u regionu, a sve zahvaljuju\u0107i velikom iskustvu i kvalifikacijama zaposlenih na specifi\u010dnim poslovima konzervacije i restauracije kulturnog nasle\u0111a.    <\/p>\n\n<p><strong>I.Ne.P.S. &#8211; Italian Negotiated Programming in Serbia (2006 &#8211; 2008)<\/strong><br\/><strong>Lokalni razvoj zasnovan na vrednovanju kulturnog nasle\u0111a<\/strong><\/p>\n\n<p>Italijansko pregovara\u010dko programiranje u Srbiji bio je bilateralni projekat saradnje izme\u0111u Italije i Srbije usmeren na promociju lokalnog razvoja kroz valorizaciju kulturnog nasle\u0111a. Ovu inicijativu finansiralo je i njome je upravlja italijansko Ministarstvo za ekonomski razvoj. <br\/>Ukupan bud\u017eet projekta\/ 60.000 \u20ac<\/p>\n\n<p><strong>HUSRB\/0901\/212\/111<br\/>MONATUR<\/strong><br\/><strong>Srednjovekovni manastiri &#8211; zajedni\u010dka kulturna ba\u0161tina u turisti\u010dkoj ponudi i danas potencijalni zna\u010dajni \u010dinilac odr\u017eivog razvoja<\/strong><\/p>\n\n<p>Partneri na projektu:<br\/>Muzej Vojvodine<br\/>B\u00e1cs -Kiskun Megyei \u00d6nkorm\u00e1nyzat M\u00fazeumi Szervezete<br\/>Pokrajinski zavod za za\u0161titu spomenika kulture Petrovaradin<br\/>Turisti\u010dka organizacija Vojvodine<\/p>\n\n<p>Ukupan bud\u017eet projekta\/ 290.374,00 \u20ac<br\/>Finansiranje iz fonda EU (IPA)\/ 246.817,90 \u20ac<br\/>Datum po\u010detka projekta\/ 1. oktobar 2010.<br\/>Datum zavr\u0161etka projekta\/ 31. oktobar 2012.  <\/p>\n\n<p>Tematske rute kao deo kulturnog turizma sadr\u017ee tri glavne komponente: dobro definisanu atraktivnu temu, geografsku dimenziju i kulturno nasle\u0111e. Putem ovog projekta, kao i putem njegovog nastavka EXPOMONATUR (HUSRB\/1002\/212\/196) u drugom pozivu, prona\u0111en je na\u010din da se arheolo\u0161ki lokaliteti, kao i istorijski kulturni spomenici uklju\u010de u tematske turisti\u010dke rute. Dva muzeja i Turisti\u010dka organizacija zapo\u010deli su aktivnosti koje za cilj imaju osiguravanje odgovornog upravljanja turisti\u010dkim nasle\u0111em i pru\u017eanje odgovaraju\u0107e podr\u0161ke povezanim turisti\u010dkim programima kroz umre\u017eavanje prirodno povezanih delova dve zemlje. U cilju kreiranja uslova za odr\u017eivi razvoj kulturnog nasle\u0111a i turizma, kao deo projekta napravljena je tematska ruta koja povezuje srednjovekovne manastire. Rad i entuzijazam prekograni\u010dnog tima eksperata slu\u017eio je kao primer dobre prakse za razvoj i pro\u0161irenje prekograni\u010dne saradnje. Zjedni\u010dki rad odvijao se u \u010detiri glavne faze: prekograni\u010dno arheolo\u0161ko istra\u017eivanje, izrada studije u vezi sa izgledom, faze konstrukcije i prostorni koncept tri lokaliteta. Preliminarna iskopavanja izvedena su Bugac-Fel\u0161e Mono\u0161tru kroz kroz prethodno istra\u017eivanje lokacije, a geofizi\u010dki uzorci su uzeti na manastirskim lokalitetima u Al\u0161omono\u0161tru i Fel\u0161emono\u0161tru, da bi se utvrdilo prostiranje i plan kompleksa. Otkriveni su srebrni nov\u010di\u0107i, ostaci bronzane narukvice i bronzani pe\u010datni prsten. Arheolo\u0161ko istra\u017eivanje izvedeno je na lokalitetu Dombo \u2013 Gradina u Rakovcu. Otkriveni su, izme\u0111u ostalog, ostaci rimske vile, ostaci fresaka, nov\u010di\u0107a, romanske plastike u kamenu, srednjovekovni grbovi. Zatim su eksperti radili na konzervacijji i restauraciji, nakon \u010dega je otpo\u010det razvoj tematske rute zasnovane na ovim manastirima koja je uklju\u010divala i druge lokacije od istorijskog i kulturnog zna\u010daja. Kada su prethodne tri faze zavr\u0161ene, partneri na projektu su organizovali zajedni\u010dku izlo\u017ebu na kojoj je predstavljeno istra\u017eivanje i promovisani lokaliteti. Vo\u0111ena je intenzivna, dobro osmi\u0161ljena promotivna kampanja usredrse\u0111ena na turisti\u010dke aktivnosti i zajedni\u010dke ponude. Ovu rutu predstavila je i promovisala Turisti\u010dka organizacija Vojvodine na Sajmu turizma Utaz\u00e1s u Budimpe\u0161ti, u martu 2011.              godine. Tokom projekta partneri su razmenjivali znanja, stvorili nove kontakte, stvorili prekograni\u010dni tim posve\u0107en trajnoj saradnji u cilju za\u0161tite i promovisanja istorijskih lokaliteta kulturnog nasle\u0111a u regionu.<\/p>\n\n<p><strong>HEROMAT<br\/>Za\u0161tita objekata kulturne ba\u0161tine multifunkcionalnim naprednim materijalima<\/strong><\/p>\n\n<p>Partneri na projektu:<br\/>Tehnolo\u0161ki fakultet u Novom Sadu, Srbija \u2013 koordinator projekta<br\/>Slovenian National Building and Civil Engineering Institut, Slovenia<br\/>Institute of Molecular Science and Technologies, Italy,<br\/>University of Vest Scotland, United Kingdom<br\/>Norden (Artic) Federal University, Russian Federation<br\/>Pokrajinski zavod za za\u0161titu spomenika kulture Petrovaradin, Srbija<br\/>Institute for the Protection of Cultural Heritage of Slovenia<\/p>\n\n<p>Ukupan bud\u017eet projekta 3.470.000,00 \u20ac<br\/>Finansiranje iz fonda FP7\/2007-2013 2.590.000,00 \u20ac<\/p>\n\n<p>Projekat HEROMAT, finansiran iz FP7 programa, po\u010deo je u novembru 2011. godine i trajao je 48 meseci. Cilj projekta je bio razvoj inovativnih i ekolo\u0161ki prihvatljivih materijala koji imaju hemijska i mehani\u010dka svojstva prilago\u0111ena za\u0161titi nepokretnih dobara kulturne ba\u0161tine. Kroz razmenu znanja me\u0111u \u010dlanovima me\u0111unarodnog tima stru\u010dnjaka, multidisciplinarno istra\u017eivanje je ponudilo nova re\u0161enja za za\u0161titu i konsolidaciju objekata kulturne ba\u0161tine razvojem inovativnih za\u0161titnih materijala: samo\u010diste\u0107ih premaza, antimikrobnih premaza i konsolidanta sa ili bez hidrofobnih svojstava, koji \u0107e biti efikasni za razli\u010dite kategorije objekata kulturne ba\u0161tine. Cilj ovog projekta je da doprinese efikasnom i dugotrajnom re\u0161enju za spre\u010davanje degradacije, o\u010duvanje autenti\u010dnosti, funkcionalnosti i estetskog izgleda kulturnih dobara i o\u010duvanje njihovih socio-ekonomskih koristi. Panevropski projektni tim iz Srbije, Slovenije, Italije, Velike Britanije i Rusije, ukrstio je stru\u010dnjake i fokusirao njihov rad na restauraciju i konsolidaciju dva odabrana istorijska objekta, od kojih se jedan nalazi u urbanom (tvr\u0111ava Ba\u010d, Srbija) i drugi u ruralnom (Dvorac u Dornavi, Slovenija) okru\u017eenju, oba sa kontinentalnom klimom. Ciljane povr\u0161ine su neorganske mineralne podloge objekata kulturne ba\u0161tine: kamen, cigla, malter, malter i slojevi zavr\u0161ne obrade boje.      <\/p>\n\n<p><strong>HUSRB \/1203\/212\/259<br\/>EDICT<\/strong><br\/><strong>Zajedni\u010dko kulturno nasle\u0111e pod uticajem Milanskog edikta primenjeno u turisti\u010dkom predstavljanju<\/strong><\/p>\n\n<p>Partneri na projektu:<br\/>Muzej Vojvodine<br\/>B\u00e1cs -Kiskun Megyei M\u00fazeumi Szervezet<br\/>Pokrajinski zavod za za\u0161titu spomenika kulture Petrovaradin<br\/>Turisti\u010dka organizacija Vojvodine<br\/>Bugac Nagyk\u00f6zs\u00e9gi \u00d6nkorm\u00e1nyzat<\/p>\n\n<p>Ukupan bud\u017eet projekta\/ 299.969,00 \u20ac<br\/>Finansiranje iz fonda EU (IPA)\/ 254.973,65 \u20ac<br\/>Datum po\u010detka projekta\/ 1. mart 2013.<br\/>Datum zavr\u0161etka projekta\/ 30. jun 2014.  <\/p>\n\n<p>Vizija ovog projekta bila je povezivanje lokaliteta Rakovac \u2013 Dombo i Ara\u010du u Novom Be\u010deju (Srbija) sa Bugac \u2013 Fele\u0161mono\u0161trom i Alsomono\u0161trom u Ma\u0111arskoj, kao i njihovo povezivanje sa samim naseljima. Obele\u017eavanje jubileja 1700 godina od Milanskog edikta bilo je povod da se ovi istorijski lokaliteti, koji predstavljaju zajedni\u010dku kulturnu i istorijsku ba\u0161tinu ponovo pove\u017eu. U pitanju je bio nastavak MONATUR projekta, po drugom pozivu, a za cilj je imao da promovi\u0161e neophodnost zajedni\u010dke odgovornosti za kulturno nasle\u0111e. Projektni partneri su razgovarali sa \u010delnicima op\u0161tinske i regionalne vlasti o za\u0161titi i o\u010duvanju spomenika kulture, kao i o njihovom turisti\u010dkom promovisanju. Pet organizacija, iz dvaju zemalja su zajedni\u010dki istra\u017eile mogu\u0107nosti i iskoristile prilike za odr\u017eivi ekonomski razvoj, osigurav\u0161i odgovorno upravljanje kulturnom ba\u0161tinom i odgovaraju\u0107u podr\u0161ku za turisti\u010dke programe. Podjednaka pa\u017enja posve\u0107ena je edukaciji stanovni\u0161tva koje \u017eivi u blizini arheolo\u0161kih lokaliteta uz predstavljanje benefita mogu\u0107eg turisti\u010dkog razvoja. Tokom 16 meseci zajedni\u010dka istorija predstavljana je javnosti kroz razli\u010dite doga\u0111aje i aktivnosti: napravljeni su planovi prekograni\u010dne saradnje u istra\u017eivanjima i turizmu; isplanirana je i realizovana zajedni\u010dka turisti\u010dka ponuda i osiguran njen povoljan uticaj na odr\u017eivi razvoj regiona; napravljeni su planovi za prekograni\u010dna arheolo\u0161ka istra\u017eivanja i konzervaciju nalazi\u0161ta, sa akcentom na srednjovekovnom periodu i periodu posle Milanskog edikta; organizovana je izlo\u017eba i \u0161tampane su prate\u0107e publikacije koje prikazuju istra\u017eivanje i zajedni\u010dko kulturno nasle\u0111e pograni\u010dnog regiona. Cilj edukativnih programa, a naro\u010dito izlo\u017ebe bio je upoznavanje javnosti sa zna\u010dajem kulturnog i istorijskog nasle\u0111a, podizanje svesti i promovisanje projekata i tematskih ruta kao mogu\u0107nosti za razvoj turizma.       <\/p>\n\n<p><strong>CULTUR WB<\/strong><br\/><strong>Ja\u010danje kapaciteta za promene u turizmu \u2013 izgradnja kompentencija za kvalitetno upravljanje kulturnim nasle\u0111em i kulturnim turizmom<\/strong><br\/><strong>ERAZMUS +<\/strong><br\/><strong>Pove\u0107anje kapaciteta visokog obrazovanja u oblasti dru\u0161tvenih i bihevioralnih nauka<\/strong><\/p>\n\n<p>Partneri na projektu:<br\/>P1 &#8211; University of Novi Sad (UNS)<br\/>P2 &#8211; Hochschule Heilbronn (Heilbronn University\/HHN)<br\/>P3 &#8211; FH JOANNEUM Gesellschaft mbH (FHJ)<br\/>P4 &#8211; Dzemal Bijedic University of Mostar (UNMO)<br\/>P5 &#8211; University of East Sarajevo (UES)<br\/>P6 &#8211; Sarajevo Meeting of Culture (SMOC)<br\/>P7 &#8211; University of Banja Luka (UBL)<br\/>P8 &#8211; University of Nis (UNI)<br\/>P9 &#8211; The Provincial Institute for the Protection of Cultural Monuments (PZZZSK)<br\/>P10 &#8211; University of Montenegro (UoM)<br\/>P11 &#8211; World University Service \u2013 \u00d6sterreichisches Komitee (WUS Austria)<br\/>P12 &#8211; NHTV University of Applied Sciences Breda (NHTV)<br\/>P13 &#8211; Tourism Organisation of Kotor Municipality (TO Kotor)<\/p>\n\n<p>Ukupan bud\u017eet projekta: 795.284,00<br\/>Po\u010detak projekta: 3.12.2016.<br\/>Zavr\u0161etak projekta: 5.3.202.<\/p>\n\n<p>Culturwb projekat odnosio se na potrebu za pove\u0107aenjm razvoja industrije kulturnog turizma u Srbiji, Bosni i Hercegovini i Crnoj Gori.<br\/>Ciljevi projekta bili su: oblikovanje kulturnog identiteta; rad na komercijalizaciji kulturnih vrednosti, odnosno u\u010dvr\u0161\u0107ivanje kosmopiltskog karaktera kulturnih vrednosti; u\u010denje sofisticiranih ve\u0161tina i sticanje kompentencija u oblasti upravljanja kulturnim turizmom; osposobljavanje zaposlenih u turizmu da interpretiraju i primene na\u010dine na koji se turizam razvija na globalnom nivou; kori\u0161\u0107enje istra\u017eiva\u010dke metodologije u oblasti marketinga i brendiranja, strategije planiranja u poslovanju, digitalnog turizma, odr\u017eivog razvoja, implementacije strategije i akcionog plana; formiranje mre\u017ee master studenata i relevantnih stejkoholdera, ostvarivanje saradnje izme\u0111u zainteresovanih strana (industrije i organizacija koje se bave nasle\u0111em, kulturom i turizmom); davanje preporuka i saveta zainteresovanim stranama iz oblasti industrije i unapre\u0111enje fizi\u010dkih i operativnih kapaciteta (globalizovati lokalno \u2013 lokalizovati globalno); kreiranje onlajn platforme preko koje bi mogle da komuniciraju sve zainteresovane strane;<\/p>\n","protected":false},"excerpt":{"rendered":"<p>U\u010cE\u0160\u0106E POKRAJINSKOG ZAVODA ZA ZA\u0160TITU SPOMENIKA KULTURE PETROVARADIN U PROJEKTIMA KOJE JE PODR\u017dALA EVROPSKA UNIJA Veliki broj projekata i zna\u010dajnih poduhvata koje je Pokrajinski zavod za za\u0161titu spomenika kulture sproveo u zemlji i inostranstvu za preko sedamdeset godina uspe\u0161nog poslovanja u\u010dinio je da za ovom institucijom, kao saradnikom, postoji velika potra\u017enja me\u0111u srodnom inostranim ustanovama, [&hellip;]<\/p>\n","protected":false},"author":2,"featured_media":3732,"parent":2024,"menu_order":0,"comment_status":"closed","ping_status":"closed","template":"","meta":{"_acf_changed":false,"inline_featured_image":false,"footnotes":""},"class_list":["post-3577","page","type-page","status-publish","has-post-thumbnail","hentry"],"acf":[],"_links":{"self":[{"href":"https:\/\/pzzzsk.rs\/sr-latn\/wp-json\/wp\/v2\/pages\/3577","targetHints":{"allow":["GET"]}}],"collection":[{"href":"https:\/\/pzzzsk.rs\/sr-latn\/wp-json\/wp\/v2\/pages"}],"about":[{"href":"https:\/\/pzzzsk.rs\/sr-latn\/wp-json\/wp\/v2\/types\/page"}],"author":[{"embeddable":true,"href":"https:\/\/pzzzsk.rs\/sr-latn\/wp-json\/wp\/v2\/users\/2"}],"replies":[{"embeddable":true,"href":"https:\/\/pzzzsk.rs\/sr-latn\/wp-json\/wp\/v2\/comments?post=3577"}],"version-history":[{"count":1,"href":"https:\/\/pzzzsk.rs\/sr-latn\/wp-json\/wp\/v2\/pages\/3577\/revisions"}],"predecessor-version":[{"id":3578,"href":"https:\/\/pzzzsk.rs\/sr-latn\/wp-json\/wp\/v2\/pages\/3577\/revisions\/3578"}],"up":[{"embeddable":true,"href":"https:\/\/pzzzsk.rs\/sr-latn\/wp-json\/wp\/v2\/pages\/2024"}],"wp:featuredmedia":[{"embeddable":true,"href":"https:\/\/pzzzsk.rs\/sr-latn\/wp-json\/wp\/v2\/media\/3732"}],"wp:attachment":[{"href":"https:\/\/pzzzsk.rs\/sr-latn\/wp-json\/wp\/v2\/media?parent=3577"}],"curies":[{"name":"wp","href":"https:\/\/api.w.org\/{rel}","templated":true}]}}