{"id":2013,"date":"2023-08-23T13:25:01","date_gmt":"2023-08-23T13:25:01","guid":{"rendered":"https:\/\/pzzzsk.rs\/usluge\/"},"modified":"2025-07-25T11:35:30","modified_gmt":"2025-07-25T11:35:30","slug":"usluge","status":"publish","type":"page","link":"https:\/\/pzzzsk.rs\/sr-latn\/usluge\/","title":{"rendered":"Usluge"},"content":{"rendered":"<h3>Podno\u0161enje zahteva<\/h3>\n<ul>\n<li><a href=\"\/wp-content\/uploads\/2024\/03\/pzzzsk-zahtev-za-izdavanje-uslova.doc\" target=\"_blank\" rel=\"noreferrer noopener\">Zahtev za utvr\u0111ivanje uslova za mere tehni\u010dke za\u0161tite<\/a><\/li>\n<li><a href=\"\/wp-content\/uploads\/2024\/03\/pzzzsk-zahtev-strucno-misljenje-o-iznosenju-predmeta-u-inostranstvo.doc\" target=\"_blank\" rel=\"noreferrer noopener\">Zahtev za stru\u010dno mi\u0161ljenje o izno\u0161enju predmeta u inostranstvo<\/a><\/li>\n<\/ul>\n<h3>Cenovnici<\/h3>\n<ul>\n<li><a href=\"\/wp-content\/uploads\/2024\/03\/pzzzsk-cenovnik-usluga.pdf\" target=\"_blank\" rel=\"noreferrer noopener\">Cenovnik usluga PZZZSK Petrovaradin<\/a><\/li>\n<li><a href=\"\/wp-content\/uploads\/2024\/03\/pzzzsk-cenovnik-ekspertize.pdf\" target=\"_blank\" rel=\"noreferrer noopener\">Cenovnik ekspertize za izvoz predmeta u inostranstvo<\/a><\/li>\n<\/ul>\n<h3>Informacije<\/h3>\n<ul>\n<li><a href=\"\/wp-content\/uploads\/2025\/01\/Modeli_uplatnica_2024.pdf\" target=\"_blank\" rel=\"noreferrer noopener\">Model uplatnice tro\u0161kova ekspertize<\/a><\/li>\n<\/ul>\n","protected":false},"excerpt":{"rendered":"<p>Podno\u0161enje zahteva Zahtev za utvr\u0111ivanje uslova za mere tehni\u010dke za\u0161tite Zahtev za stru\u010dno mi\u0161ljenje o izno\u0161enju predmeta u inostranstvo Cenovnici Cenovnik usluga PZZZSK Petrovaradin Cenovnik ekspertize za izvoz predmeta u inostranstvo Informacije Model uplatnice tro\u0161kova ekspertize<\/p>\n","protected":false},"author":1,"featured_media":3752,"parent":0,"menu_order":0,"comment_status":"closed","ping_status":"closed","template":"","meta":{"_acf_changed":false,"inline_featured_image":false,"footnotes":""},"class_list":["post-2013","page","type-page","status-publish","has-post-thumbnail","hentry"],"acf":[],"_links":{"self":[{"href":"https:\/\/pzzzsk.rs\/sr-latn\/wp-json\/wp\/v2\/pages\/2013","targetHints":{"allow":["GET"]}}],"collection":[{"href":"https:\/\/pzzzsk.rs\/sr-latn\/wp-json\/wp\/v2\/pages"}],"about":[{"href":"https:\/\/pzzzsk.rs\/sr-latn\/wp-json\/wp\/v2\/types\/page"}],"author":[{"embeddable":true,"href":"https:\/\/pzzzsk.rs\/sr-latn\/wp-json\/wp\/v2\/users\/1"}],"replies":[{"embeddable":true,"href":"https:\/\/pzzzsk.rs\/sr-latn\/wp-json\/wp\/v2\/comments?post=2013"}],"version-history":[{"count":2,"href":"https:\/\/pzzzsk.rs\/sr-latn\/wp-json\/wp\/v2\/pages\/2013\/revisions"}],"predecessor-version":[{"id":4093,"href":"https:\/\/pzzzsk.rs\/sr-latn\/wp-json\/wp\/v2\/pages\/2013\/revisions\/4093"}],"wp:featuredmedia":[{"embeddable":true,"href":"https:\/\/pzzzsk.rs\/sr-latn\/wp-json\/wp\/v2\/media\/3752"}],"wp:attachment":[{"href":"https:\/\/pzzzsk.rs\/sr-latn\/wp-json\/wp\/v2\/media?parent=2013"}],"curies":[{"name":"wp","href":"https:\/\/api.w.org\/{rel}","templated":true}]}}