{"id":2011,"date":"2023-08-24T10:05:43","date_gmt":"2023-08-24T10:05:43","guid":{"rendered":"https:\/\/pzzzsk.rs\/spisak-nkd\/"},"modified":"2025-07-22T10:17:52","modified_gmt":"2025-07-22T10:17:52","slug":"spisak-nkd","status":"publish","type":"page","link":"https:\/\/pzzzsk.rs\/sr-latn\/delatnosti\/spisak-nkd\/","title":{"rendered":"Spisak NKD"},"content":{"rendered":"<\/p>\n<p><\/p>\n\n<p>Vlada Republike Srbije utvr\u0111uje <b> NEPOKRETNA KULTURNA DOBRA <\/b> na predlog nadle\u017enih zavoda za za\u0161titu spomenika kulture. Narodna skup\u0161tina Republike Srbije utvr\u0111uje kulturna dobra od izuzetnog zna\u010daja.<\/p>\n\n<p>Nepokretna kulturna dobra se upisuju u Registar kulturnih dobara prema vrstama. Registri kulturnih dobara su javni registri koje prema vrstama kulturnih dobara vode ustanove za\u0161tite u skladu sa ovim zakonom i posebnim zakonima kojima se ure\u0111uju pojedina\u010dne oblasti za\u0161tite kulturnih dobara. U Registru Pokrajinskog zavoda za za\u0161titu spomenika kulture trenutno je upisano 169 nepokretnih kulturnih dobara, od toga 144 spomenika kulture, 6 prostorno kulturno-istorijskih celina, 13 arheolo\u0161kih nalazi\u0161ta i 6 znamenitih mesta. Od toga njih 18 su od izuzetnog zna\u010daja, 73 od velikog i 78 su kategorisani kao NKD od zna\u010daja.<\/p>\n<div class=\"wp-block-image size-full is-resized\">\n<figure class=\"aligncenter\"><img decoding=\"async\" src=\"https:\/\/pzzzsk.rs\/wp-content\/uploads\/2024\/03\/logo-IS-NKD.png\" alt=\"\" style=\"object-fit:cover;width:300px;height:300px\"\/><\/figure>\n<\/div><p><!-- \/wp:post-content --><\/p>\n<p><!-- wp:paragraph --><\/p>\n<p>Podatke o samim nepokretnim kulturnim dobrima mo\u017eete na\u0107i u &nbsp; <strong> <a rel=\"noreferrer noopener\" href=\"https:\/\/nasledje.gov.rs\/index.cfm?jezik=Serbian_CIR\" data-type=\"link\" data-id=\"https:\/\/nasledje.gov.rs\/index.cfm?jezik=Serbian_CIR\" target=\"_blank\"> Informacionom sistemu nepokretnih kulturnih dobara <\/a>.<\/strong><\/p>\n<p><!-- \/wp:paragraph --><\/p>\n","protected":false},"excerpt":{"rendered":"<p>Vlada Republike Srbije utvr\u0111uje NEPOKRETNA KULTURNA DOBRA na predlog nadle\u017enih zavoda za za\u0161titu spomenika kulture. Narodna skup\u0161tina Republike Srbije utvr\u0111uje kulturna dobra od izuzetnog zna\u010daja. Nepokretna kulturna dobra se upisuju u Registar kulturnih dobara prema vrstama. Registri kulturnih dobara su javni registri koje prema vrstama kulturnih dobara vode ustanove za\u0161tite u skladu sa ovim zakonom [&hellip;]<\/p>\n","protected":false},"author":1,"featured_media":3746,"parent":2024,"menu_order":0,"comment_status":"closed","ping_status":"closed","template":"","meta":{"_acf_changed":false,"inline_featured_image":false,"footnotes":""},"class_list":["post-2011","page","type-page","status-publish","has-post-thumbnail","hentry"],"acf":[],"_links":{"self":[{"href":"https:\/\/pzzzsk.rs\/sr-latn\/wp-json\/wp\/v2\/pages\/2011","targetHints":{"allow":["GET"]}}],"collection":[{"href":"https:\/\/pzzzsk.rs\/sr-latn\/wp-json\/wp\/v2\/pages"}],"about":[{"href":"https:\/\/pzzzsk.rs\/sr-latn\/wp-json\/wp\/v2\/types\/page"}],"author":[{"embeddable":true,"href":"https:\/\/pzzzsk.rs\/sr-latn\/wp-json\/wp\/v2\/users\/1"}],"replies":[{"embeddable":true,"href":"https:\/\/pzzzsk.rs\/sr-latn\/wp-json\/wp\/v2\/comments?post=2011"}],"version-history":[{"count":2,"href":"https:\/\/pzzzsk.rs\/sr-latn\/wp-json\/wp\/v2\/pages\/2011\/revisions"}],"predecessor-version":[{"id":3749,"href":"https:\/\/pzzzsk.rs\/sr-latn\/wp-json\/wp\/v2\/pages\/2011\/revisions\/3749"}],"up":[{"embeddable":true,"href":"https:\/\/pzzzsk.rs\/sr-latn\/wp-json\/wp\/v2\/pages\/2024"}],"wp:featuredmedia":[{"embeddable":true,"href":"https:\/\/pzzzsk.rs\/sr-latn\/wp-json\/wp\/v2\/media\/3746"}],"wp:attachment":[{"href":"https:\/\/pzzzsk.rs\/sr-latn\/wp-json\/wp\/v2\/media?parent=2011"}],"curies":[{"name":"wp","href":"https:\/\/api.w.org\/{rel}","templated":true}]}}